{"id":25,"date":"2018-05-29T20:58:06","date_gmt":"2018-05-29T18:58:06","guid":{"rendered":"http:\/\/www.familientherapie-zweibruecken.de\/?page_id=25"},"modified":"2018-08-31T09:50:54","modified_gmt":"2018-08-31T07:50:54","slug":"25-2","status":"publish","type":"page","link":"https:\/\/www.familientherapie-zweibruecken.de\/","title":{"rendered":"."},"content":{"rendered":"<p><img decoding=\"async\" loading=\"lazy\" src=\"div\/bild1.jpg\" width=\"200\" height=\"200\" border=\"0\" alt=\"\" align=\"right\" style=\"margin-left:20px\" class=\"bild\"><span class=f>Mit Kurzzeittherapie und Ressourcenorientierung effizienter L&ouml;sungen finden und Krisen meistern!<\/span> <\/p>\n<p>Jeder Mensch hat grunds\u00e4tzlich die F\u00e4higkeit, Schwierigkeiten und Krisensituationen selbst zu l\u00f6sen. Mitunter scheint es allerdings nicht m\u00f6glich, in speziellen Situationen den Zugang zur L\u00f6sung zu finden. Dann kann f\u00fcr Einzelpersonen oder Gruppen professionelle Hilfe n\u00f6tig sein.<br \/>\nAls systemische Therapeutin unterst\u00fctze ich Sie gerne dabei, Ihren eigenen L\u00f6sungsprozess in Gang zu bringen und diesen gut zu gestalten.<\/p>\n<p>Sie sind die Experten f\u00fcr Ihr Leben und ich bin die Expertin f\u00fcr den Prozess. <\/p>\n<p><span class=f>\u201eSchon eine kleine Ver&auml;nderung kann die L&ouml;sung auf den Weg bringen.\u201c ( Steve de Shazer)<\/span> <\/p>\n","protected":false},"excerpt":{"rendered":"<p>Mit Kurzzeittherapie und Ressourcenorientierung effizienter L&ouml;sungen finden und Krisen meistern! Jeder Mensch hat grunds\u00e4tzlich die F\u00e4higkeit, Schwierigkeiten und Krisensituationen selbst zu l\u00f6sen. Mitunter scheint es allerdings nicht m\u00f6glich, in speziellen Situationen den Zugang zur L\u00f6sung zu finden. Dann kann f\u00fcr Einzelpersonen oder Gruppen professionelle Hilfe n\u00f6tig sein. Als systemische Therapeutin unterst\u00fctze ich Sie gerne dabei, [&hellip;]<\/p>\n","protected":false},"author":1,"featured_media":0,"parent":0,"menu_order":0,"comment_status":"closed","ping_status":"closed","template":"ops.php","meta":[],"_links":{"self":[{"href":"https:\/\/www.familientherapie-zweibruecken.de\/index.php?rest_route=\/wp\/v2\/pages\/25"}],"collection":[{"href":"https:\/\/www.familientherapie-zweibruecken.de\/index.php?rest_route=\/wp\/v2\/pages"}],"about":[{"href":"https:\/\/www.familientherapie-zweibruecken.de\/index.php?rest_route=\/wp\/v2\/types\/page"}],"author":[{"embeddable":true,"href":"https:\/\/www.familientherapie-zweibruecken.de\/index.php?rest_route=\/wp\/v2\/users\/1"}],"replies":[{"embeddable":true,"href":"https:\/\/www.familientherapie-zweibruecken.de\/index.php?rest_route=%2Fwp%2Fv2%2Fcomments&post=25"}],"version-history":[{"count":6,"href":"https:\/\/www.familientherapie-zweibruecken.de\/index.php?rest_route=\/wp\/v2\/pages\/25\/revisions"}],"predecessor-version":[{"id":53,"href":"https:\/\/www.familientherapie-zweibruecken.de\/index.php?rest_route=\/wp\/v2\/pages\/25\/revisions\/53"}],"wp:attachment":[{"href":"https:\/\/www.familientherapie-zweibruecken.de\/index.php?rest_route=%2Fwp%2Fv2%2Fmedia&parent=25"}],"curies":[{"name":"wp","href":"https:\/\/api.w.org\/{rel}","templated":true}]}}